{"id":2,"date":"2023-06-12T14:12:24","date_gmt":"2023-06-12T14:12:24","guid":{"rendered":"https:\/\/moteldhs.ro\/?page_id=2"},"modified":"2025-08-21T03:31:45","modified_gmt":"2025-08-21T03:31:45","slug":"despre-noi","status":"publish","type":"page","link":"https:\/\/moteldhs.ro\/index.php\/despre-noi\/","title":{"rendered":"Despre noi"},"content":{"rendered":"<span style=\"visibility: hidden; font-size: 0.1px;\"> Best place to buy cheap\u00a0<a href=\"https:\/\/www.rolexreplicaswissmade.com\/Watches\/Daytona.php\"><u>rolex daytona replica<\/u><\/a>. And the best AAA+ swiss made grade 1 Rolex replica on our website with fast shipping.<\/span>\r\n\r\n<div id=\"cmsmasters_row_\" class=\"cmsmasters_row cmsmasters_color_scheme_default cmsmasters_row_top_default cmsmasters_row_bot_default cmsmasters_row_boxed\">\n<div class=\"cmsmasters_row_outer_parent\">\n<div class=\"cmsmasters_row_outer\">\n<div class=\"cmsmasters_row_inner\">\n<div class=\"cmsmasters_row_margin\">\n<div id=\"cmsmasters_column_\" class=\"cmsmasters_column one_first\">\n<div class=\"cmsmasters_column_inner\"><div id=\"cmsmasters_divider_md5n3lxgel\" class=\"cmsmasters_divider cmsmasters_divider_width_long cmsmasters_divider_pos_center\"><\/div>\n<div class=\"cmsmasters_text\">\n<p>Bun venit la Motel DHS &#8211; o oaz\u0103 de confort \u0219i ospitalitate <a href=\"https:\/\/urgentcreditenebancare.ro\/\"><span data-sheets-root=\"1\">imprumut online fara venit<\/span> <\/a>\u00een inima jude\u021bului Hunedoara! Situat \u00eentr-o loca\u021bie strategic\u0103, Motel DHS este alegerea perfect\u0103 pentru c\u0103l\u0103torii care doresc s\u0103 se odihneasc\u0103 \u0219i s\u0103 se relaxeze \u00een timp ce exploreaz\u0103 frumuse\u021bea \u0219i bog\u0103\u021biile acestei regiuni pline de istorie \u0219i cultur\u0103.<\/p>\n<p>Cazarea noastr\u0103 cuprinde o gam\u0103 de 10 camere spa\u021bioase \u0219i confortabile, concepute pentru a v\u0103 oferi un sejur relaxant \u0219i lini\u0219tit. Fiecare camer\u0103 este elegant decorat\u0103, cu o aten\u021bie deosebit\u0103 la detalii, cre\u00e2nd o atmosfer\u0103 cald\u0103 \u0219i primitoare. Indiferent dac\u0103 sunte\u021bi \u00eentr-o c\u0103l\u0103torie de afaceri sau \u00eentr-o vacan\u021b\u0103 \u00een familie, ve\u021bi g\u0103si tot ce <a href=\"https:\/\/www.thecomedypub.co.uk\/\">best replica watches uk<\/a> ave\u021bi nevoie pentru a v\u0103 sim\u021bi confortabil \u0219i relaxat. Camerele noastre sunt dotate cu facilit\u0103\u021bi moderne, cum ar fi televizoare cu ecran plat, acces gratuit la internet WiFi, b\u0103i private \u0219i facilit\u0103\u021bi pentru ceai \u0219i cafea.<\/p>\n<p>La Motel DHS, ne preocup\u0103m de confortul \u0219i satisfac\u021bia oaspe\u021bilor no\u0219tri.Nice Replica Cheap Watches: Swiss\u00a0<a href=\"https:\/\/www.nurluk.me\/\">Replica Omega Watches UK<\/a>. De aceea, punem la dispozi\u021bie o gam\u0103 larg\u0103 de facilit\u0103\u021bi \u0219i servicii pentru a v\u0103 asigura o experien\u021b\u0103 pl\u0103cut\u0103 \u0219i f\u0103r\u0103 griji. V\u0103 invit\u0103m s\u0103 \u00eencepe\u021bi diminea\u021ba cu un mic dejun delicios \u0219i proasp\u0103t, servit \u00een zona noastr\u0103 special amenajat\u0103. \u00cen plus, avem o recep\u021bie deschis\u0103 24 de ore, unde personalul nostru amabil \u0219i profesionist v\u0103 st\u0103 la dispozi\u021bie pentru a v\u0103 ajuta cu orice informa\u021bii sau solicit\u0103ri ave\u021bi.<\/p>\n<p>Pe l\u00e2ng\u0103 serviciile noastre de cazare, Motel DHS beneficiaz\u0103 \u0219i de o loca\u021bie excelent\u0103 \u00een apropierea unor celebre monumente \u0219i atrac\u021bii din jude\u021bul Hunedoara. Vizita\u021bi impresionantul Castel Corvinilor, o bijuterie arhitectonic\u0103 <a href=\"https:\/\/www.womenswristwatches.co.uk\/\">cheap replica watches uk<\/a> care v\u0103 va purta \u00een trecutul medieval, sau explora\u021bi minunata M\u0103n\u0103stire Prislop, Nice Replica Cheap Watches: Swiss\u00a0<a href=\"https:\/\/www.nurluk.me\/\">Replica Omega Watches UK<\/a>.locul de odihn\u0103 al marelui p\u0103rinte Arsenie Boca. Dac\u0103 sunte\u021bi pasionat de natur\u0103, pute\u021bi explora frumuse\u021bea Mun\u021bilor Retezat \u0219i pute\u021bi face drume\u021bii \u0219i excursii la cascade, lacuri \u0219i v\u00e2rfuri montane spectaculoase.<\/p>\n<p>Pentru oaspe\u021bii no\u0219tri care c\u0103l\u0103toresc cu autoturismul, Motel DHS pune la dispozi\u021bie \u0219i un loc de parcare gratuit \u0219i sigur. Best New Swiss\u00a0<a href=\"https:\/\/swisswatchesale.me\/\">Replica Rolex Watches UK<\/a>\u00a0Hot Sale | Top Quality Cheap Replica Watches.Astfel, v\u0103 pute\u021bi bucura de oaspe\u021bii \u0219i de serviciile noastre f\u0103r\u0103 s\u0103 v\u0103 face\u021bi griji cu privire la parcarea ma\u0219inii. UK automatic cheap\u00a0<a href=\"https:\/\/watches1.is\/\">replica watches<\/a>\u00a0uk for men here are at affordable prices. All the collections are available.<\/p>\n<p>Indiferent dac\u0103 sunte\u021bi \u00een c\u0103utarea unui loc de relaxare dup\u0103 o zi plin\u0103 de aventur\u0103 sau dori\u021bi s\u0103 v\u0103 bucura\u021bi de o \u0219edere confortabil\u0103 \u00een timpul c\u0103l\u0103toriilor de afaceri, Motel DHS v\u0103 a\u0219teapt\u0103 cu bra\u021bele deschise. Best New Swiss\u00a0<a href=\"https:\/\/swisswatchesale.me\/\">Replica Rolex Watches UK<\/a>\u00a0Hot Sale | Top Quality Cheap Replica Watches.Veni\u021bi \u0219i experimenta\u021bi ospitalitatea autentic\u0103 \u0219i aten\u021bia noastr\u0103 la detalii \u00eentr-un cadru pl\u0103cut \u0219i relaxant. Suntem dedica\u021bi s\u0103 v\u0103 oferim o experien\u021b\u0103 de cazare deosebit\u0103 \u00een timp ce explora\u021bi frumuse\u021bile jude\u021bului Hunedoara.Cheap Replica Swiss Rolex Watches &#8211; High Quality Rolex Fake Watches For Men &#8211; High Quality\u00a0<a href=\"https:\/\/www.zodiac-watch.com\">Rolex Fake Watches<\/a>\u00a0For Men.Cheap Replica Swiss Rolex Watches &#8211; High Quality Rolex Fake Watches For Men &#8211; High Quality\u00a0<a href=\"https:\/\/www.zodiac-watch.com\">Rolex Fake Watches<\/a>\u00a0For Men.<\/p>\n<\/div>\n<div id=\"cmsmasters_divider_gwl3nzjj6g\" class=\"cmsmasters_divider cmsmasters_divider_width_long cmsmasters_divider_pos_center\"><\/div>\n<\/div><\/div>\n<\/div>\n<\/div>\n<\/div>\n<\/div>\n<\/div>\n<!-- \/wp:post-content -->","protected":false},"excerpt":{"rendered":"<p>Best place to buy cheap\u00a0rolex daytona replica. And the best AAA+ swiss made grade 1 Rolex replica on our website with fast shipping.<\/p>\n","protected":false},"author":1,"featured_media":0,"parent":0,"menu_order":0,"comment_status":"closed","ping_status":"open","template":"","meta":{"footnotes":""},"class_list":["post-2","page","type-page","status-publish","hentry"],"yoast_head":"<!-- This site is optimized with the Yoast SEO plugin v20.8 - https:\/\/yoast.com\/wordpress\/plugins\/seo\/ -->\n<title>Despre noi - Motel DHS<\/title>\n<meta name=\"robots\" content=\"index, follow, max-snippet:-1, max-image-preview:large, max-video-preview:-1\" \/>\n<link rel=\"canonical\" href=\"https:\/\/moteldhs.ro\/index.php\/despre-noi\/\" \/>\n<meta property=\"og:locale\" content=\"en_US\" \/>\n<meta property=\"og:type\" content=\"article\" \/>\n<meta property=\"og:title\" content=\"Despre noi - Motel DHS\" \/>\n<meta property=\"og:description\" content=\"Best place to buy cheap\u00a0rolex daytona replica. And the best AAA+ swiss made grade 1 Rolex replica on our website with fast shipping.\" \/>\n<meta property=\"og:url\" content=\"https:\/\/moteldhs.ro\/index.php\/despre-noi\/\" \/>\n<meta property=\"og:site_name\" content=\"Motel DHS\" \/>\n<meta property=\"article:modified_time\" content=\"2025-08-21T03:31:45+00:00\" \/>\n<meta name=\"twitter:card\" content=\"summary_large_image\" \/>\n<meta name=\"twitter:label1\" content=\"Est. reading time\" \/>\n\t<meta name=\"twitter:data1\" content=\"3 minutes\" \/>\n<script type=\"application\/ld+json\" class=\"yoast-schema-graph\">{\"@context\":\"https:\/\/schema.org\",\"@graph\":[{\"@type\":\"WebPage\",\"@id\":\"https:\/\/moteldhs.ro\/index.php\/despre-noi\/\",\"url\":\"https:\/\/moteldhs.ro\/index.php\/despre-noi\/\",\"name\":\"Despre noi - Motel DHS\",\"isPartOf\":{\"@id\":\"https:\/\/moteldhs.ro\/#website\"},\"datePublished\":\"2023-06-12T14:12:24+00:00\",\"dateModified\":\"2025-08-21T03:31:45+00:00\",\"breadcrumb\":{\"@id\":\"https:\/\/moteldhs.ro\/index.php\/despre-noi\/#breadcrumb\"},\"inLanguage\":\"en-US\",\"potentialAction\":[{\"@type\":\"ReadAction\",\"target\":[\"https:\/\/moteldhs.ro\/index.php\/despre-noi\/\"]}]},{\"@type\":\"BreadcrumbList\",\"@id\":\"https:\/\/moteldhs.ro\/index.php\/despre-noi\/#breadcrumb\",\"itemListElement\":[{\"@type\":\"ListItem\",\"position\":1,\"name\":\"Home\",\"item\":\"https:\/\/moteldhs.ro\/\"},{\"@type\":\"ListItem\",\"position\":2,\"name\":\"Despre noi\"}]},{\"@type\":\"WebSite\",\"@id\":\"https:\/\/moteldhs.ro\/#website\",\"url\":\"https:\/\/moteldhs.ro\/\",\"name\":\"Motel DHS\",\"description\":\"\",\"potentialAction\":[{\"@type\":\"SearchAction\",\"target\":{\"@type\":\"EntryPoint\",\"urlTemplate\":\"https:\/\/moteldhs.ro\/?s={search_term_string}\"},\"query-input\":\"required name=search_term_string\"}],\"inLanguage\":\"en-US\"}]}<\/script>\n<!-- \/ Yoast SEO plugin. -->","yoast_head_json":{"title":"Despre noi - Motel DHS","robots":{"index":"index","follow":"follow","max-snippet":"max-snippet:-1","max-image-preview":"max-image-preview:large","max-video-preview":"max-video-preview:-1"},"canonical":"https:\/\/moteldhs.ro\/index.php\/despre-noi\/","og_locale":"en_US","og_type":"article","og_title":"Despre noi - Motel DHS","og_description":"Best place to buy cheap\u00a0rolex daytona replica. And the best AAA+ swiss made grade 1 Rolex replica on our website with fast shipping.","og_url":"https:\/\/moteldhs.ro\/index.php\/despre-noi\/","og_site_name":"Motel DHS","article_modified_time":"2025-08-21T03:31:45+00:00","twitter_card":"summary_large_image","twitter_misc":{"Est. reading time":"3 minutes"},"schema":{"@context":"https:\/\/schema.org","@graph":[{"@type":"WebPage","@id":"https:\/\/moteldhs.ro\/index.php\/despre-noi\/","url":"https:\/\/moteldhs.ro\/index.php\/despre-noi\/","name":"Despre noi - Motel DHS","isPartOf":{"@id":"https:\/\/moteldhs.ro\/#website"},"datePublished":"2023-06-12T14:12:24+00:00","dateModified":"2025-08-21T03:31:45+00:00","breadcrumb":{"@id":"https:\/\/moteldhs.ro\/index.php\/despre-noi\/#breadcrumb"},"inLanguage":"en-US","potentialAction":[{"@type":"ReadAction","target":["https:\/\/moteldhs.ro\/index.php\/despre-noi\/"]}]},{"@type":"BreadcrumbList","@id":"https:\/\/moteldhs.ro\/index.php\/despre-noi\/#breadcrumb","itemListElement":[{"@type":"ListItem","position":1,"name":"Home","item":"https:\/\/moteldhs.ro\/"},{"@type":"ListItem","position":2,"name":"Despre noi"}]},{"@type":"WebSite","@id":"https:\/\/moteldhs.ro\/#website","url":"https:\/\/moteldhs.ro\/","name":"Motel DHS","description":"","potentialAction":[{"@type":"SearchAction","target":{"@type":"EntryPoint","urlTemplate":"https:\/\/moteldhs.ro\/?s={search_term_string}"},"query-input":"required name=search_term_string"}],"inLanguage":"en-US"}]}},"_links":{"self":[{"href":"https:\/\/moteldhs.ro\/index.php\/wp-json\/wp\/v2\/pages\/2","targetHints":{"allow":["GET"]}}],"collection":[{"href":"https:\/\/moteldhs.ro\/index.php\/wp-json\/wp\/v2\/pages"}],"about":[{"href":"https:\/\/moteldhs.ro\/index.php\/wp-json\/wp\/v2\/types\/page"}],"author":[{"embeddable":true,"href":"https:\/\/moteldhs.ro\/index.php\/wp-json\/wp\/v2\/users\/1"}],"replies":[{"embeddable":true,"href":"https:\/\/moteldhs.ro\/index.php\/wp-json\/wp\/v2\/comments?post=2"}],"version-history":[{"count":17,"href":"https:\/\/moteldhs.ro\/index.php\/wp-json\/wp\/v2\/pages\/2\/revisions"}],"predecessor-version":[{"id":24005,"href":"https:\/\/moteldhs.ro\/index.php\/wp-json\/wp\/v2\/pages\/2\/revisions\/24005"}],"wp:attachment":[{"href":"https:\/\/moteldhs.ro\/index.php\/wp-json\/wp\/v2\/media?parent=2"}],"curies":[{"name":"wp","href":"https:\/\/api.w.org\/{rel}","templated":true}]}}